{"id":1642,"date":"2018-02-12T09:36:55","date_gmt":"2018-02-12T08:36:55","guid":{"rendered":"https:\/\/shopping.opti.es\/es\/?page_id=1642"},"modified":"2024-02-15T09:04:27","modified_gmt":"2024-02-15T08:04:27","slug":"terminos-y-condiciones","status":"publish","type":"page","link":"https:\/\/esproncedavision.es\/es\/terminos-y-condiciones\/","title":{"rendered":"T\u00e9rminos y condiciones de uso"},"content":{"rendered":"<div class=\"wpb-content-wrapper\"><p>[vc_row css_animation=\u00bb\u00bb row_type=\u00bbrow\u00bb use_row_as_full_screen_section=\u00bbno\u00bb type=\u00bbfull_width\u00bb angled_section=\u00bbno\u00bb text_align=\u00bbleft\u00bb background_image_as_pattern=\u00bbwithout_pattern\u00bb][vc_column][vc_column_text]<\/p>\n<h3>AVISO LEGAL<\/h3>\n<p>&nbsp;<\/p>\n<p><span style=\"font-weight: 400\">En cumplimiento del deber de informaci\u00f3n recogido en el art\u00edculo 10 de la Ley 34\/2002, de 11 de julio, de Servicios de la Sociedad de la Informaci\u00f3n y del Comercio Electr\u00f3nico, le indicamos los siguientes datos identificativos de la empresa:<\/span><\/p>\n<p>&nbsp;<\/p>\n<p><span style=\"font-weight: 400\"><strong>Raz\u00f3n social<\/strong>: <\/span><span style=\"font-weight: 400\">ESPERANZA LAMA BLANCO<\/span><\/p>\n<p><span style=\"font-weight: 400\"><strong>CIF<\/strong>: <\/span><span style=\"font-weight: 400\">50708267Y<\/span><\/p>\n<p>&nbsp;<\/p>\n<p><span style=\"font-weight: 400\"><strong>Domicilio social<\/strong>: Calle de Espronceda, 10<\/span><\/p>\n<p><span style=\"font-weight: 400\">www.esproncedavision.es<\/span><\/p>\n<div dir=\"auto\"><\/div>\n<div dir=\"auto\"><\/div>\n<div dir=\"auto\">Inscrita en el Colegio Nacional de \u00d3pticos-Optometristas &#8211; Colegiado 6010<\/div>\n<div dir=\"auto\"><\/div>\n<div dir=\"auto\">Diplomada en \u00f3ptica-optometr\u00eda<\/div>\n<div dir=\"auto\"><\/div>\n<div dir=\"auto\">Titulaci\u00f3n expedida en UCM Madrid &#8211; Espa\u00f1a.<\/div>\n<div dir=\"auto\"><\/div>\n<p>&nbsp;<\/p>\n<p><span style=\"font-weight: 400\"><strong>Contacto<\/strong>:<\/span><\/p>\n<p><span style=\"font-weight: 400\">Tel\u00e9fono: <\/span><span style=\"font-weight: 400\">914 41 23 94<\/span><\/p>\n<p><span style=\"font-weight: 400\">Email: <\/span><span style=\"font-weight: 400\">esproncedav@telefonica.net<\/span><\/p>\n<p>&nbsp;<\/p>\n<p><span style=\"font-weight: 400\"><strong>Direcci\u00f3n<\/strong>: Calle de Espronceda, 10<\/span><\/p>\n<p><span style=\"font-weight: 400\">CP: 28008 \u00a0\u00a0\u00a0\u00a0\u00a0\u00a0\u00a0\u00a0\u00a0\u00a0\u00a0\u00a0Provincia: Madrid<\/span><\/p>\n<p>&nbsp;<\/p>\n<p><b>Condiciones de uso<\/b><\/p>\n<p><span style=\"font-weight: 400\">El usuario que accede y usa esta web www.esproncedavision.es conoce y acepta las condiciones generales aqu\u00ed redactadas y las modificaciones que se produzcan. El titular pone a disposici\u00f3n del p\u00fablico (en adelante usuario) que acceda a la web, informaci\u00f3n y contenidos.<\/span><\/p>\n<p>&nbsp;<\/p>\n<p><span style=\"font-weight: 400\">El acceso a la web por los usuarios es gratuito, sin previa autorizaci\u00f3n, suscripci\u00f3n o registro.<\/span><\/p>\n<p>&nbsp;<\/p>\n<p><span style=\"font-weight: 400\">El hardware, software o cualquier otra herramienta necesaria para acceder a la web ser\u00e1n por cuenta del usuario. El titular no ser\u00e1 responsable del funcionamiento ni de las consecuencias de \u00e9stas, ni de los derechos de uso o licencias requeridos para su utilizaci\u00f3n.<\/span><\/p>\n<p>&nbsp;<\/p>\n<p><span style=\"font-weight: 400\">El acceso y\/o uso de este portal titularidad de <\/span><span style=\"font-weight: 400\">OPTICA ESPRONCEDA VISION<\/span><span style=\"font-weight: 400\"> le atribuye la condici\u00f3n de usuario aceptando por ello los T\u00e9rminos y Condiciones y la Pol\u00edtica de privacidad.<\/span><\/p>\n<p>&nbsp;<\/p>\n<p><span style=\"font-weight: 400\">Los usuarios que accedan a la web de <\/span><span style=\"font-weight: 400\">OPTICA ESPRONCEDA VISION<\/span><span style=\"font-weight: 400\"> lo har\u00e1n conforme a la Ley, y se obligan en todo momento a no acceder a la web o a los contenidos de forma contraria a la establecida y\/o con fines il\u00edcitos, lesivos de derechos y libertades de terceros, o que puedan da\u00f1ar, deteriorar, saturar o ralentizar la web, en perjuicio de <\/span><span style=\"font-weight: 400\">OPTICA ESPRONCEDA VISION<\/span><span style=\"font-weight: 400\"> \u00a0o de terceros usuarios.<\/span><\/p>\n<p>&nbsp;<\/p>\n<p><b>Responsabilidad de los contenidos<\/b><\/p>\n<p><span style=\"font-weight: 400\">Fuera de los dominios o links de <\/span><span style=\"font-weight: 400\">OPTICA ESPRONCEDA VISION<\/span><span style=\"font-weight: 400\"> , \u00e9sta no se hace responsable de las webs no propias ni de los virus o dem\u00e1s programas inform\u00e1ticos que deterioren o puedan deteriorar los sistemas o equipos inform\u00e1ticos de los usuarios. Tampoco responder\u00e1 de los contenidos a las que se puede acceder a trav\u00e9s del site mediante v\u00ednculos \u00ablinks\u00bb.<\/span><\/p>\n<p>&nbsp;<\/p>\n<p><span style=\"font-weight: 400\">OPTICA ESPRONCEDA VISION<\/span><span style=\"font-weight: 400\"> no garantizar\u00e1 la disponibilidad t\u00e9cnica, calidad, fiabilidad, exactitud, amplitud, veracidad, validez y constitucionalidad de cualquier material o informaci\u00f3n contenido en ninguno de dichos hiperv\u00ednculos u otros sitios de Internet. Igualmente la inclusi\u00f3n de estas conexiones externas no implicar\u00e1 ning\u00fan tipo de asociaci\u00f3n, fusi\u00f3n o participaci\u00f3n con las entidades conectadas.<\/span><\/p>\n<p>&nbsp;<\/p>\n<p><span style=\"font-weight: 400\">Se proh\u00edbe el uso de los contenidos de la web para promocionar, contratar o divulgar publicidad o informaci\u00f3n propia o de terceras personas sin la autorizaci\u00f3n del titular, ni remitir publicidad o informaci\u00f3n vali\u00e9ndose para ello de los servicios o informaci\u00f3n que se ponen a disposici\u00f3n de los usuarios, independientemente de si la utilizaci\u00f3n es gratuita o no.<\/span><\/p>\n<p>&nbsp;<\/p>\n<p><span style=\"font-weight: 400\">OPTICA ESPRONCEDA VISION<\/span><span style=\"font-weight: 400\"> no ser\u00e1 responsable del uso que los terceros hagan de la informaci\u00f3n publicada en el portal, ni tampoco de los da\u00f1os sufridos o p\u00e9rdidas econ\u00f3micas que, de forma directa o indirecta, produzcan o puedan producir perjuicios econ\u00f3micos, materiales o sobre datos, provocados por el uso de dicha informaci\u00f3n.<\/span><\/p>\n<p>&nbsp;<\/p>\n<p><span style=\"font-weight: 400\">Asimismo, <\/span><span style=\"font-weight: 400\">OPTICA ESPRONCEDA VISION<\/span><span style=\"font-weight: 400\"> tampoco se har\u00e1 responsable, en ning\u00fan caso, de los da\u00f1os y perjuicios de cualquier naturaleza que pudieran ocasionar, a t\u00edtulo enunciativo, errores u omisiones en los contenidos, falta de disponibilidad del portal o la transmisi\u00f3n de virus o programas maliciosos o lesivos en los contenidos, a pesar de haber adoptado todas las medidas tecnol\u00f3gicas necesarias para evitarlo.<\/span><\/p>\n<p>&nbsp;<\/p>\n<p><b>Propiedad intelectual e industrial<\/b><\/p>\n<p><span style=\"font-weight: 400\">OPTICA ESPRONCEDA VISION<\/span><span style=\"font-weight: 400\"> propietaria o licenciataria del sitio web es titular de todos los derechos de propiedad intelectual e industrial de su p\u00e1gina web, as\u00ed como de los elementos contenidos en la misma (a t\u00edtulo enunciativo, im\u00e1genes, sonido, audio, v\u00eddeo, software o textos; marcas o logotipos, combinaciones de colores, estructura y dise\u00f1o, selecci\u00f3n de materiales usados, programas de ordenador necesarios para su funcionamiento, acceso y uso, etc.).<\/span><\/p>\n<p>&nbsp;<\/p>\n<p><span style=\"font-weight: 400\">En virtud de lo dispuesto en de la normativa de propiedad intelectual, quedan expresamente prohibidas la reproducci\u00f3n, la distribuci\u00f3n y la comunicaci\u00f3n p\u00fablica, incluida su modalidad de puesta a disposici\u00f3n, de la totalidad o parte de los contenidos de esta p\u00e1gina web, con fines comerciales o de otro tipo, en cualquier soporte y por cualquier medio t\u00e9cnico, sin la autorizaci\u00f3n de <\/span><span style=\"font-weight: 400\">OPTICA ESPRONCEDA VISION<\/span><span style=\"font-weight: 400\"> creadora del sitio web. El usuario se compromete a respetar los derechos de Propiedad Intelectual e Industrial titularidad de <\/span><span style=\"font-weight: 400\">OPTICA ESPRONCEDA VISION<\/span><span style=\"font-weight: 400\"> creadora o licenciataria del sitio web. Podr\u00e1 visualizar los elementos del portal e incluso imprimirlos, copiarlos y almacenarlos en el disco duro de su ordenador o en cualquier otro soporte f\u00edsico siempre y cuando sea, \u00fanica y exclusivamente, para su uso personal y privado. El usuario deber\u00e1 abstenerse de suprimir, alterar, eludir o manipular cualquier dispositivo de protecci\u00f3n o sistema de seguridad que estuviera instalado en el las p\u00e1ginas de <\/span><span style=\"font-weight: 400\">OPTICA ESPRONCEDA VISION<\/span><span style=\"font-weight: 400\"> creadora o licenciataria del sitio web.<\/span><\/p>\n<p>&nbsp;<\/p>\n<p><span style=\"font-weight: 400\">En consecuencia, todos los contenidos que se muestran en los diferentes websites mencionados y en especial, dise\u00f1os, textos, gr\u00e1ficos, logotipos, iconos, botones, software, nombres comerciales, marcas, dibujos industriales o cualesquiera otros signos susceptibles de utilizaci\u00f3n industrial y comercial est\u00e1n sujetos a derechos de propiedad intelectual e industrial de <\/span><span style=\"font-weight: 400\">OPTICA ESPRONCEDA VISION<\/span><span style=\"font-weight: 400\"> o de terceros titulares de estos que han autorizado debidamente su inclusi\u00f3n en los diferentes websites.<\/span><\/p>\n<p>&nbsp;<\/p>\n<p><span style=\"font-weight: 400\">Los contenidos, im\u00e1genes, formas, opiniones, \u00edndices y dem\u00e1s expresiones formales que formen parte de la p\u00e1gina web, as\u00ed como el software necesario para el funcionamiento y visualizaci\u00f3n de estas, constituyen asimismo una obra en el sentido del derecho de autor y quedan, por lo tanto, protegidas por las convenciones internacionales y legislaciones nacionales en materia de Propiedad intelectual que resulten aplicables. El incumplimiento de lo se\u00f1alado implica la comisi\u00f3n de graves actos il\u00edcitos y su sanci\u00f3n por la legislaci\u00f3n civil y penal.<\/span><\/p>\n<p>&nbsp;<\/p>\n<p><span style=\"font-weight: 400\">Cualquier trasgresi\u00f3n de lo dispuesto ser\u00e1 considerada como lesi\u00f3n de los derechos de Propiedad intelectual de <\/span><span style=\"font-weight: 400\">OPTICA ESPRONCEDA VISION<\/span><span style=\"font-weight: 400\"> sobre la web y todos los contenidos de la misma.<\/span><\/p>\n<p>&nbsp;<\/p>\n<p><span style=\"font-weight: 400\">El usuario deber\u00e1 abstenerse de suprimir, alterar, eludir o manipular cualquier dispositivo de protecci\u00f3n o sistema de seguridad que estuviera instalado en la p\u00e1gina web de <\/span><span style=\"font-weight: 400\">OPTICA ESPRONCEDA VISION<\/span><span style=\"font-weight: 400\">.<\/span><\/p>\n<p>&nbsp;<\/p>\n<p><b>Modificaciones<\/b><\/p>\n<p><span style=\"font-weight: 400\">OPTICA ESPRONCEDA VISION<\/span><span style=\"font-weight: 400\"> creadora del sitio web se reserva el derecho de efectuar sin previo aviso, siempre y cuando no afecten a los datos personales de los usuarios, las modificaciones que considere oportunas en su portal, pudiendo cambiar, suprimir o a\u00f1adir tanto los contenidos y servicios que se presten a trav\u00e9s de esta como la forma en la que \u00e9stos aparezcan presentados o localizados en su portal.<\/span><\/p>\n<p>&nbsp;<\/p>\n<p><b>Otras cuestiones t\u00e9cnicas<\/b><\/p>\n<p><span style=\"font-weight: 400\">OPTICA ESPRONCEDA VISION<\/span><span style=\"font-weight: 400\"> declina cualquier responsabilidad en caso de que existan interrupciones o un mal funcionamiento de los servicios o contenidos ofrecidos en Internet, cualquiera que sea su causa. Asimismo, <\/span><span style=\"font-weight: 400\">OPTICA ESPRONCEDA VISION<\/span><span style=\"font-weight: 400\"> no se hace responsable por ca\u00eddas de la red, p\u00e9rdidas de informaci\u00f3n como consecuencia de dichas ca\u00eddas, suspensiones temporales del fluido el\u00e9ctrico o cualquier otro tipo de da\u00f1o indirecto que le pueda ser causado a los Usuarios por causas ajenas a <\/span><span style=\"font-weight: 400\">OPTICA ESPRONCEDA VISION<\/span><span style=\"font-weight: 400\">.<\/span><\/p>\n<p>&nbsp;<\/p>\n<p><span style=\"font-weight: 400\">OPTICA ESPRONCEDA VISION<\/span><span style=\"font-weight: 400\"> no puede garantizar que los servicios o contenidos sean ininterrumpidos o que est\u00e9n libres de errores, que los defectos sean corregidos, o que el servicio o el servidor que lo pone a disposici\u00f3n est\u00e9n libres de virus u otros componentes nocivos, sin perjuicio de que <\/span><span style=\"font-weight: 400\">OPTICA ESPRONCEDA VISION<\/span><span style=\"font-weight: 400\"> realiza sus mejores esfuerzos en evitar este tipo de incidentes. En caso de que el Usuario tomara determinadas decisiones o realizara acciones con base a la informaci\u00f3n incluida en la web, se recomienda cotejar o consultar otras fuentes.<\/span><\/p>\n<p>&nbsp;<\/p>\n<p><span style=\"font-weight: 400\">Quedan prohibidos cualesquiera cualquier recurso tecnol\u00f3gico o de tipo que sea, por el que un tercero pueda beneficiarse, directa o indirectamente, de todos o parte de los contenidos, formas, \u00edndices y dem\u00e1s expresiones formales que formen parte de la web, o del esfuerzo llevado a cabo por <\/span><span style=\"font-weight: 400\">OPTICA ESPRONCEDA VISION<\/span><span style=\"font-weight: 400\"> para su funcionamiento.<\/span><\/p>\n<p>&nbsp;<\/p>\n<p><span style=\"font-weight: 400\">OPTICA ESPRONCEDA VISION<\/span><span style=\"font-weight: 400\"> creadora del sitio web no se hace responsable, en ning\u00fan caso, de los da\u00f1os y perjuicios de cualquier naturaleza que pudieran ocasionar, a t\u00edtulo enunciativo: errores u omisiones en los contenidos, falta de disponibilidad del portal o la transmisi\u00f3n de virus o programas maliciosos o lesivos en los contenidos, a pesar de haber adoptado todas las medidas tecnol\u00f3gicas necesarias para evitarlo.<\/span><\/p>\n<p>&nbsp;<\/p>\n<p><b>Legislaci\u00f3n aplicable<\/b><\/p>\n<p><span style=\"font-weight: 400\">La legislaci\u00f3n aplicable, tanto al presente dominio web como a los links responsabilidad de <\/span><span style=\"font-weight: 400\">OPTICA ESPRONCEDA VISION<\/span><span style=\"font-weight: 400\">, ser\u00e1 la espa\u00f1ola.<\/span><\/p>\n<p>&nbsp;<\/p>\n<p><b>Jurisdicci\u00f3n competente<\/b><\/p>\n<p><span style=\"font-weight: 400\">Cualquier disputa o discrepancia que surja de la aplicaci\u00f3n o interpretaci\u00f3n de los t\u00e9rminos que conforman este aviso legal, se resolver\u00e1 en los tribunales de la ciudad de Madrid, salvo que la legislaci\u00f3n indique otra cosa, como es el caso de consumidores, en cuyo caso se atender\u00e1 a lo dispuesto en ella.<\/span><\/p>\n<p>&nbsp;<\/p>\n<p><b>Datos de contacto<\/b><\/p>\n<p><span style=\"font-weight: 400\">esproncedav@telefonica.net<\/span><\/p>\n<p><span style=\"font-weight: 400\">Tel\u00e9fono: <\/span><span style=\"font-weight: 400\">914 41 23 94<\/span><\/p>\n<p>&nbsp;<\/p>\n<p>&nbsp;<\/p>\n<p>[\/vc_column_text][\/vc_column][\/vc_row]<\/p>\n<\/div>","protected":false},"excerpt":{"rendered":"<p>[vc_row css_animation=\u00bb\u00bb row_type=\u00bbrow\u00bb use_row_as_full_screen_section=\u00bbno\u00bb type=\u00bbfull_width\u00bb angled_section=\u00bbno\u00bb text_align=\u00bbleft\u00bb background_image_as_pattern=\u00bbwithout_pattern\u00bb][vc_column][vc_column_text] AVISO LEGAL &nbsp; En cumplimiento del deber de informaci\u00f3n recogido en el art\u00edculo 10 de la Ley 34\/2002, de 11 de julio, de Servicios de la Sociedad de la Informaci\u00f3n y del Comercio Electr\u00f3nico, le indicamos los&#8230;<\/p>\n","protected":false},"author":12,"featured_media":0,"parent":0,"menu_order":0,"comment_status":"closed","ping_status":"closed","template":"","meta":{"_acf_changed":false,"footnotes":""},"class_list":["post-1642","page","type-page","status-publish","hentry"],"acf":[],"_links":{"self":[{"href":"https:\/\/esproncedavision.es\/es\/wp-json\/wp\/v2\/pages\/1642","targetHints":{"allow":["GET"]}}],"collection":[{"href":"https:\/\/esproncedavision.es\/es\/wp-json\/wp\/v2\/pages"}],"about":[{"href":"https:\/\/esproncedavision.es\/es\/wp-json\/wp\/v2\/types\/page"}],"author":[{"embeddable":true,"href":"https:\/\/esproncedavision.es\/es\/wp-json\/wp\/v2\/users\/12"}],"replies":[{"embeddable":true,"href":"https:\/\/esproncedavision.es\/es\/wp-json\/wp\/v2\/comments?post=1642"}],"version-history":[{"count":13,"href":"https:\/\/esproncedavision.es\/es\/wp-json\/wp\/v2\/pages\/1642\/revisions"}],"predecessor-version":[{"id":2308,"href":"https:\/\/esproncedavision.es\/es\/wp-json\/wp\/v2\/pages\/1642\/revisions\/2308"}],"wp:attachment":[{"href":"https:\/\/esproncedavision.es\/es\/wp-json\/wp\/v2\/media?parent=1642"}],"curies":[{"name":"wp","href":"https:\/\/api.w.org\/{rel}","templated":true}]}}