{"id":1652,"date":"2018-02-12T09:36:55","date_gmt":"2018-02-12T08:36:55","guid":{"rendered":"https:\/\/shopping.opti.es\/es\/?page_id=1652"},"modified":"2024-02-15T08:58:42","modified_gmt":"2024-02-15T07:58:42","slug":"politica-cookies","status":"publish","type":"page","link":"https:\/\/esproncedavision.es\/es\/politica-cookies\/","title":{"rendered":"Pol\u00edtica de cookies"},"content":{"rendered":"<div class=\"wpb-content-wrapper\"><p>[vc_row row_type=\u00bbrow\u00bb use_row_as_full_screen_section=\u00bbno\u00bb type=\u00bbfull_width\u00bb angled_section=\u00bbno\u00bb text_align=\u00bbleft\u00bb background_image_as_pattern=\u00bbwithout_pattern\u00bb css_animation=\u00bb\u00bb][vc_column][vc_column_text]<\/p>\n<p class=\"p1\"><span class=\"s1\"><b>\u00bfQu\u00e9 son las cookies?<\/b><\/span><\/p>\n<p class=\"p2\"><span class=\"s1\">Una cookie es un fichero que se descarga en tu ordenador al acceder a determinadas p\u00e1ginas web. Las cookies permiten a una p\u00e1gina web, \u00a0entre otras cosas, almacenar informaci\u00f3n de car\u00e1cter t\u00e9cnico, preferencias personales, personalizaci\u00f3n de contenidos, estad\u00edsticas de uso, enlaces a redes sociales, acceso a cuentas de usuario, conocer h\u00e1bitos de navegaci\u00f3n del usuario y del equipo, etc. El objetivo de la\u00a0cookie\u00a0es adaptar el contenido de la web a tu perfil y necesidades. <\/span><\/p>\n<p class=\"p2\"><span class=\"s1\">Espronceda Visi\u00f3n usa en su p\u00e1gina cookies propias y de terceros para gestionar sesiones de usuarios registrados, analizar las visitas, el tr\u00e1fico web, y en su caso, compartir contenidos en redes sociales. La navegaci\u00f3n por la web implica el consentimiento del usuario para su recogida y tratamiento conforme a lo anterior.<\/span><\/p>\n<p class=\"p2\"><span class=\"s1\">Espronceda Visi\u00f3n usa en su p\u00e1gina web las siguientes cookies:\u00a0<\/span><\/p>\n<p class=\"p2\"><span class=\"s1\">Las cookies le ofrecen la posibilidad de aprovechar muchas de las funciones esenciales de nuestra web. Por todo ello, hay determinadas cookies que no podr\u00e1 eliminar si desea realizar determinadas acciones o quiere que Espronceda Visi\u00f3n le preste un servicio concreto.\u00a0<\/span><\/p>\n<p class=\"p1\"><span class=\"s1\"><b>Revocaci\u00f3n y eliminaci\u00f3n de cookies <\/b><\/span><\/p>\n<p class=\"p2\"><span class=\"s1\">Puede permitir, bloquear o eliminar las cookies instaladas en su equipo mediante la configuraci\u00f3n de las opciones del navegador instalado en tu ordenador. En el caso de que no permita la instalaci\u00f3n de cookies en su navegador es posible que no puedas acceder a alguna de las secciones de nuestra web no pudiendo acceder a todas la funcionalidades de la misma. <\/span><\/p>\n<p class=\"p2\"><span class=\"s1\">La desactivaci\u00f3n y\/o eliminaci\u00f3n de las cookies se realiza de forma diferente en funci\u00f3n del navegador que utilices.<\/span><\/p>\n<p class=\"p2\"><span class=\"s1\">Para m\u00e1s informaci\u00f3n sobre como bloquear el uso de la cookies puedes visitar los siguientes enlaces, en el caso de no encontrar la informaci\u00f3n en estos enlaces, acudir a la secci\u00f3n ayuda del navegador:<\/span><\/p>\n<p class=\"p2\"><span class=\"s1\">Internet Explorer: Herramientas -&gt; Opciones de Internet -&gt; Privacidad -&gt; Configuraci\u00f3n. <\/span><\/p>\n<p class=\"p2\"><span class=\"s1\">Para m\u00e1s informaci\u00f3n, puede consultar el soporte de <a href=\"http:\/\/windows.microsoft.com\/es-es\/internet-explorer\/delete-manage-cookies\"><span class=\"s2\">Microsoft<\/span><\/a> o la Ayuda del navegador.<\/span><\/p>\n<p class=\"p2\"><span class=\"s2\"><a href=\"http:\/\/windows.microsoft.com\/es-es\/windows-vista\/block-or-allow-cookies\">http:\/\/windows.microsoft.com\/es-es\/windows-vista\/block-or-allow-cookies<\/a><\/span><\/p>\n<p class=\"p2\"><span class=\"s1\">Firefox: Configuraci\u00f3n -&gt; Privacidad -&gt; Historial <\/span><\/p>\n<p class=\"p2\"><span class=\"s1\">Para m\u00e1s informaci\u00f3n, puede consultar el soporte de <a href=\"https:\/\/support.mozilla.org\/es\/products\/firefox\/privacy-and-security\"><span class=\"s2\">Mozilla<\/span><\/a> o la Ayuda del navegador.<\/span><\/p>\n<p class=\"p2\"><span class=\"s2\"><a href=\"https:\/\/support.mozilla.org\/es\/kb\/habilitar-y-deshabilitar-cookies-sitios-web-rastrear-preferencias?redirectlocale=es&amp;redirectslug=habilitar-y-deshabilitar-cookies-que-los-sitios-we\">https:\/\/support.mozilla.org\/es\/kb\/habilitar-y-deshabilitar-cookies-sitios-web-rastrear-preferencias?redirectlocale=es&amp;redirectslug=habilitar-y-deshabilitar-cookies-que-los-sitios-we<\/a><\/span><\/p>\n<p class=\"p2\"><span class=\"s1\">Chrome: Configuraci\u00f3n -&gt; Mostrar opciones avanzadas -&gt; Privacidad -&gt; Configuraci\u00f3n de contenidos.<\/span><\/p>\n<p class=\"p2\"><span class=\"s1\">Para m\u00e1s informaci\u00f3n, puede consultar el soporte de <a href=\"https:\/\/support.google.com\/chrome\/answer\/95647?hl=es&amp;ref_topic=3421433\"><span class=\"s2\">Google<\/span><\/a> o la Ayuda del navegador. <\/span><\/p>\n<p class=\"p2\"><span class=\"s2\"><a href=\"https:\/\/support.google.com\/chrome\/answer\/95647?hl=es\">https:\/\/support.google.com\/chrome\/answer\/95647?hl=es<\/a><\/span><\/p>\n<p class=\"p2\"><span class=\"s1\">Safari: Preferencias -&gt; Privacidad.<\/span><\/p>\n<p class=\"p2\"><span class=\"s1\">Para m\u00e1s informaci\u00f3n, puede consultar el soporte de <a href=\"http:\/\/www.apple.com\/es\/support\/safari\/\"><span class=\"s2\">Apple<\/span><\/a> o la Ayuda del navegador.<\/span><\/p>\n<p class=\"p2\"><span class=\"s2\"><a href=\"https:\/\/support.apple.com\/kb\/index?page=search&amp;type=organic&amp;src=support_searchbox_main&amp;locale=es_ES&amp;q=cookies\">https:\/\/support.apple.com\/kb\/index?page=search&amp;type=organic&amp;src=support_searchbox_main&amp;locale=es_ES&amp;q=cookies<\/a><\/span><\/p>\n<p class=\"p1\"><span class=\"s1\"><b>Cambios en las pol\u00edticas de protecci\u00f3n de datos y de cookies<\/b><\/span><\/p>\n<p class=\"p2\"><span class=\"s1\">[Espronceda Visi\u00f3n] podr\u00e1 realizar cambios en su Pol\u00edtica de Privacidad y de Cookies. Cualquier modificaci\u00f3n se publicar\u00e1 autom\u00e1ticamente en la web y podr\u00e1 visualizarla en el apartado \u201cAviso Legal\u201d o en las \u201cCondiciones de uso de la web\u201d.<\/span><\/p>\n<p>[\/vc_column_text][\/vc_column][\/vc_row]<\/p>\n<\/div>","protected":false},"excerpt":{"rendered":"<p>[vc_row row_type=\u00bbrow\u00bb use_row_as_full_screen_section=\u00bbno\u00bb type=\u00bbfull_width\u00bb angled_section=\u00bbno\u00bb text_align=\u00bbleft\u00bb background_image_as_pattern=\u00bbwithout_pattern\u00bb css_animation=\u00bb\u00bb][vc_column][vc_column_text] \u00bfQu\u00e9 son las cookies? Una cookie es un fichero que se descarga en tu ordenador al acceder a determinadas p\u00e1ginas web. Las cookies permiten a una p\u00e1gina web, \u00a0entre otras cosas, almacenar informaci\u00f3n de car\u00e1cter t\u00e9cnico, preferencias&#8230;<\/p>\n","protected":false},"author":12,"featured_media":0,"parent":0,"menu_order":0,"comment_status":"closed","ping_status":"closed","template":"","meta":{"_acf_changed":false,"footnotes":""},"class_list":["post-1652","page","type-page","status-publish","hentry"],"acf":[],"_links":{"self":[{"href":"https:\/\/esproncedavision.es\/es\/wp-json\/wp\/v2\/pages\/1652","targetHints":{"allow":["GET"]}}],"collection":[{"href":"https:\/\/esproncedavision.es\/es\/wp-json\/wp\/v2\/pages"}],"about":[{"href":"https:\/\/esproncedavision.es\/es\/wp-json\/wp\/v2\/types\/page"}],"author":[{"embeddable":true,"href":"https:\/\/esproncedavision.es\/es\/wp-json\/wp\/v2\/users\/12"}],"replies":[{"embeddable":true,"href":"https:\/\/esproncedavision.es\/es\/wp-json\/wp\/v2\/comments?post=1652"}],"version-history":[{"count":4,"href":"https:\/\/esproncedavision.es\/es\/wp-json\/wp\/v2\/pages\/1652\/revisions"}],"predecessor-version":[{"id":1955,"href":"https:\/\/esproncedavision.es\/es\/wp-json\/wp\/v2\/pages\/1652\/revisions\/1955"}],"wp:attachment":[{"href":"https:\/\/esproncedavision.es\/es\/wp-json\/wp\/v2\/media?parent=1652"}],"curies":[{"name":"wp","href":"https:\/\/api.w.org\/{rel}","templated":true}]}}