{"id":1868,"date":"2018-03-21T11:01:22","date_gmt":"2018-03-21T10:01:22","guid":{"rendered":"https:\/\/esproncedavision.es\/es\/?post_type=product&#038;p=1868"},"modified":"2022-02-09T10:52:48","modified_gmt":"2022-02-09T09:52:48","slug":"aosept","status":"publish","type":"product","link":"https:\/\/esproncedavision.es\/es\/tienda\/soluciones-de-mantenimiento\/aosept\/","title":{"rendered":"Aosept"},"content":{"rendered":"","protected":false},"excerpt":{"rendered":"<div class=\"productdescr\">\n<p><strong>Aosept<\/strong> desinfectante con base de peroxido al 3% no lleva conservantes. Est\u00e1 indicada especialmente para portadores de lentes de contacto con ojos sensibles que tienen alergias o molestias causadas por los conservantes de soluciones \u00fanicas. F\u00e1cil de utilizar, simplemente tienes que limpiar, aclarar, y poner las lentillas cada noche (6 horas m\u00ednimo) en el estuche con la soluci\u00f3n.<\/p>\n<\/div>\n","protected":false},"featured_media":1869,"comment_status":"closed","ping_status":"closed","template":"","meta":{"_acf_changed":false},"product_brand":[],"product_cat":[69],"product_tag":[111],"class_list":{"0":"post-1868","1":"product","2":"type-product","3":"status-publish","4":"has-post-thumbnail","6":"product_cat-soluciones-de-mantenimiento","7":"product_tag-aosept","9":"first","10":"instock","11":"shipping-taxable","12":"product-type-external"},"acf":[],"_links":{"self":[{"href":"https:\/\/esproncedavision.es\/es\/wp-json\/wp\/v2\/product\/1868","targetHints":{"allow":["GET"]}}],"collection":[{"href":"https:\/\/esproncedavision.es\/es\/wp-json\/wp\/v2\/product"}],"about":[{"href":"https:\/\/esproncedavision.es\/es\/wp-json\/wp\/v2\/types\/product"}],"replies":[{"embeddable":true,"href":"https:\/\/esproncedavision.es\/es\/wp-json\/wp\/v2\/comments?post=1868"}],"wp:featuredmedia":[{"embeddable":true,"href":"https:\/\/esproncedavision.es\/es\/wp-json\/wp\/v2\/media\/1869"}],"wp:attachment":[{"href":"https:\/\/esproncedavision.es\/es\/wp-json\/wp\/v2\/media?parent=1868"}],"wp:term":[{"taxonomy":"product_brand","embeddable":true,"href":"https:\/\/esproncedavision.es\/es\/wp-json\/wp\/v2\/product_brand?post=1868"},{"taxonomy":"product_cat","embeddable":true,"href":"https:\/\/esproncedavision.es\/es\/wp-json\/wp\/v2\/product_cat?post=1868"},{"taxonomy":"product_tag","embeddable":true,"href":"https:\/\/esproncedavision.es\/es\/wp-json\/wp\/v2\/product_tag?post=1868"}],"curies":[{"name":"wp","href":"https:\/\/api.w.org\/{rel}","templated":true}]}}