{"id":1874,"date":"2018-03-21T11:06:01","date_gmt":"2018-03-21T10:06:01","guid":{"rendered":"https:\/\/esproncedavision.es\/es\/?post_type=product&#038;p=1874"},"modified":"2022-02-09T10:55:25","modified_gmt":"2022-02-09T09:55:25","slug":"alvera","status":"publish","type":"product","link":"https:\/\/esproncedavision.es\/es\/tienda\/soluciones-de-mantenimiento\/alvera\/","title":{"rendered":"Alvera"},"content":{"rendered":"","protected":false},"excerpt":{"rendered":"<p>Soluci\u00f3n \u00fanica con aloe vera. Especialmente adaptada para lentillas hechas de hidrogel de silicona. Protege las c\u00e9lulas de la c\u00f3rnea. Incluye un portalentes.<\/p>\n","protected":false},"featured_media":1875,"comment_status":"closed","ping_status":"closed","template":"","meta":{"_acf_changed":false},"product_brand":[],"product_cat":[69],"product_tag":[],"class_list":{"0":"post-1874","1":"product","2":"type-product","3":"status-publish","4":"has-post-thumbnail","6":"product_cat-soluciones-de-mantenimiento","8":"first","9":"instock","10":"shipping-taxable","11":"product-type-external"},"acf":[],"_links":{"self":[{"href":"https:\/\/esproncedavision.es\/es\/wp-json\/wp\/v2\/product\/1874","targetHints":{"allow":["GET"]}}],"collection":[{"href":"https:\/\/esproncedavision.es\/es\/wp-json\/wp\/v2\/product"}],"about":[{"href":"https:\/\/esproncedavision.es\/es\/wp-json\/wp\/v2\/types\/product"}],"replies":[{"embeddable":true,"href":"https:\/\/esproncedavision.es\/es\/wp-json\/wp\/v2\/comments?post=1874"}],"wp:featuredmedia":[{"embeddable":true,"href":"https:\/\/esproncedavision.es\/es\/wp-json\/wp\/v2\/media\/1875"}],"wp:attachment":[{"href":"https:\/\/esproncedavision.es\/es\/wp-json\/wp\/v2\/media?parent=1874"}],"wp:term":[{"taxonomy":"product_brand","embeddable":true,"href":"https:\/\/esproncedavision.es\/es\/wp-json\/wp\/v2\/product_brand?post=1874"},{"taxonomy":"product_cat","embeddable":true,"href":"https:\/\/esproncedavision.es\/es\/wp-json\/wp\/v2\/product_cat?post=1874"},{"taxonomy":"product_tag","embeddable":true,"href":"https:\/\/esproncedavision.es\/es\/wp-json\/wp\/v2\/product_tag?post=1874"}],"curies":[{"name":"wp","href":"https:\/\/api.w.org\/{rel}","templated":true}]}}