{"id":1877,"date":"2018-03-21T11:08:41","date_gmt":"2018-03-21T10:08:41","guid":{"rendered":"https:\/\/esproncedavision.es\/es\/?post_type=product&#038;p=1877"},"modified":"2022-02-09T10:54:40","modified_gmt":"2022-02-09T09:54:40","slug":"ever-clean","status":"publish","type":"product","link":"https:\/\/esproncedavision.es\/es\/tienda\/soluciones-de-mantenimiento\/ever-clean\/","title":{"rendered":"Ever Clean"},"content":{"rendered":"","protected":false},"excerpt":{"rendered":"<div class=\"short-description\">\n<p>La soluci\u00f3n \u00fanica <strong>Ever Clean<\/strong> sin conservantes es una soluci\u00f3n de per\u00f3xido de hidr\u00f3geno, para todo tipo de lentillas, tanto r\u00edgidas como blandas, incluidas las de hidrogel de silicona. Limpia, desinfecta y elimina prote\u00ednas en 2 horas sin frotar.<\/p>\n<\/div>\n","protected":false},"featured_media":1878,"comment_status":"closed","ping_status":"closed","template":"","meta":{"_acf_changed":false},"product_brand":[],"product_cat":[69],"product_tag":[113],"class_list":{"0":"post-1877","1":"product","2":"type-product","3":"status-publish","4":"has-post-thumbnail","6":"product_cat-soluciones-de-mantenimiento","7":"product_tag-ever-clean","9":"first","10":"instock","11":"shipping-taxable","12":"product-type-external"},"acf":[],"_links":{"self":[{"href":"https:\/\/esproncedavision.es\/es\/wp-json\/wp\/v2\/product\/1877","targetHints":{"allow":["GET"]}}],"collection":[{"href":"https:\/\/esproncedavision.es\/es\/wp-json\/wp\/v2\/product"}],"about":[{"href":"https:\/\/esproncedavision.es\/es\/wp-json\/wp\/v2\/types\/product"}],"replies":[{"embeddable":true,"href":"https:\/\/esproncedavision.es\/es\/wp-json\/wp\/v2\/comments?post=1877"}],"wp:featuredmedia":[{"embeddable":true,"href":"https:\/\/esproncedavision.es\/es\/wp-json\/wp\/v2\/media\/1878"}],"wp:attachment":[{"href":"https:\/\/esproncedavision.es\/es\/wp-json\/wp\/v2\/media?parent=1877"}],"wp:term":[{"taxonomy":"product_brand","embeddable":true,"href":"https:\/\/esproncedavision.es\/es\/wp-json\/wp\/v2\/product_brand?post=1877"},{"taxonomy":"product_cat","embeddable":true,"href":"https:\/\/esproncedavision.es\/es\/wp-json\/wp\/v2\/product_cat?post=1877"},{"taxonomy":"product_tag","embeddable":true,"href":"https:\/\/esproncedavision.es\/es\/wp-json\/wp\/v2\/product_tag?post=1877"}],"curies":[{"name":"wp","href":"https:\/\/api.w.org\/{rel}","templated":true}]}}