{"id":1895,"date":"2018-03-21T15:08:37","date_gmt":"2018-03-21T14:08:37","guid":{"rendered":"https:\/\/esproncedavision.es\/es\/?post_type=product&#038;p=1895"},"modified":"2022-02-09T10:47:51","modified_gmt":"2022-02-09T09:47:51","slug":"boston","status":"publish","type":"product","link":"https:\/\/esproncedavision.es\/es\/tienda\/soluciones-de-mantenimiento\/boston\/","title":{"rendered":"Boston\u00ae"},"content":{"rendered":"","protected":false},"excerpt":{"rendered":"<p>Limpiador Advance Formula, elimina los dep\u00f3sitos de prote\u00ednas y l\u00edpidos as\u00ed como todo tipo de capas y residuos que se acumulan en las lentes de contacto r\u00edgidas permeables al gas y lentes PMMA.<\/p>\n","protected":false},"featured_media":1896,"comment_status":"closed","ping_status":"closed","template":"","meta":{"_acf_changed":false},"product_brand":[],"product_cat":[69],"product_tag":[],"class_list":{"0":"post-1895","1":"product","2":"type-product","3":"status-publish","4":"has-post-thumbnail","6":"product_cat-soluciones-de-mantenimiento","8":"first","9":"instock","10":"shipping-taxable","11":"product-type-external"},"acf":[],"_links":{"self":[{"href":"https:\/\/esproncedavision.es\/es\/wp-json\/wp\/v2\/product\/1895","targetHints":{"allow":["GET"]}}],"collection":[{"href":"https:\/\/esproncedavision.es\/es\/wp-json\/wp\/v2\/product"}],"about":[{"href":"https:\/\/esproncedavision.es\/es\/wp-json\/wp\/v2\/types\/product"}],"replies":[{"embeddable":true,"href":"https:\/\/esproncedavision.es\/es\/wp-json\/wp\/v2\/comments?post=1895"}],"wp:featuredmedia":[{"embeddable":true,"href":"https:\/\/esproncedavision.es\/es\/wp-json\/wp\/v2\/media\/1896"}],"wp:attachment":[{"href":"https:\/\/esproncedavision.es\/es\/wp-json\/wp\/v2\/media?parent=1895"}],"wp:term":[{"taxonomy":"product_brand","embeddable":true,"href":"https:\/\/esproncedavision.es\/es\/wp-json\/wp\/v2\/product_brand?post=1895"},{"taxonomy":"product_cat","embeddable":true,"href":"https:\/\/esproncedavision.es\/es\/wp-json\/wp\/v2\/product_cat?post=1895"},{"taxonomy":"product_tag","embeddable":true,"href":"https:\/\/esproncedavision.es\/es\/wp-json\/wp\/v2\/product_tag?post=1895"}],"curies":[{"name":"wp","href":"https:\/\/api.w.org\/{rel}","templated":true}]}}