{"id":2067,"date":"2019-12-09T10:05:27","date_gmt":"2019-12-09T09:05:27","guid":{"rendered":"https:\/\/esproncedavision.es\/es\/?post_type=product&#038;p=2067"},"modified":"2023-01-17T10:02:18","modified_gmt":"2023-01-17T09:02:18","slug":"arnette","status":"publish","type":"product","link":"https:\/\/esproncedavision.es\/es\/tienda\/gafas-de-sol\/arnette\/","title":{"rendered":"Arnette"},"content":{"rendered":"","protected":false},"excerpt":{"rendered":"<div class=\"sc-fxFQKN fcPYpc\" data-cm-metadata=\"[{&quot;_&quot;:&quot;properties.teaserText1&quot;}]\">\n<div>\n<p>El estilo puede ser sutil, as\u00ed que mu\u00e9stranos el tuyo con la nueva colecci\u00f3n de monturas ARNETTE. Con una construcci\u00f3n ligera e insertos met\u00e1licos de colores, estos looks son lo ideal para tus d\u00edas en casa o mientras viajas.<\/p>\n<\/div>\n<\/div>\n","protected":false},"featured_media":2158,"comment_status":"closed","ping_status":"closed","template":"","meta":{"_acf_changed":false},"product_brand":[],"product_cat":[66],"product_tag":[134],"class_list":{"0":"post-2067","1":"product","2":"type-product","3":"status-publish","4":"has-post-thumbnail","6":"product_cat-gafas-de-sol","7":"product_tag-arnette","9":"first","10":"instock","11":"shipping-taxable","12":"product-type-simple"},"acf":[],"_links":{"self":[{"href":"https:\/\/esproncedavision.es\/es\/wp-json\/wp\/v2\/product\/2067","targetHints":{"allow":["GET"]}}],"collection":[{"href":"https:\/\/esproncedavision.es\/es\/wp-json\/wp\/v2\/product"}],"about":[{"href":"https:\/\/esproncedavision.es\/es\/wp-json\/wp\/v2\/types\/product"}],"replies":[{"embeddable":true,"href":"https:\/\/esproncedavision.es\/es\/wp-json\/wp\/v2\/comments?post=2067"}],"wp:featuredmedia":[{"embeddable":true,"href":"https:\/\/esproncedavision.es\/es\/wp-json\/wp\/v2\/media\/2158"}],"wp:attachment":[{"href":"https:\/\/esproncedavision.es\/es\/wp-json\/wp\/v2\/media?parent=2067"}],"wp:term":[{"taxonomy":"product_brand","embeddable":true,"href":"https:\/\/esproncedavision.es\/es\/wp-json\/wp\/v2\/product_brand?post=2067"},{"taxonomy":"product_cat","embeddable":true,"href":"https:\/\/esproncedavision.es\/es\/wp-json\/wp\/v2\/product_cat?post=2067"},{"taxonomy":"product_tag","embeddable":true,"href":"https:\/\/esproncedavision.es\/es\/wp-json\/wp\/v2\/product_tag?post=2067"}],"curies":[{"name":"wp","href":"https:\/\/api.w.org\/{rel}","templated":true}]}}