{"id":2310,"date":"2018-03-08T09:11:06","date_gmt":"2018-03-08T08:11:06","guid":{"rendered":"https:\/\/esproncedavision.es\/es\/?post_type=product&#038;p=2310"},"modified":"2025-02-13T13:50:44","modified_gmt":"2025-02-13T12:50:44","slug":"ever-clean-scleral","status":"publish","type":"product","link":"https:\/\/esproncedavision.es\/es\/tienda\/soluciones-de-mantenimiento\/ever-clean-scleral\/","title":{"rendered":"Ever Clean Scleral"},"content":{"rendered":"","protected":false},"excerpt":{"rendered":"<p data-start=\"0\" data-end=\"294\"><strong data-start=\"0\" data-end=\"29\">Ever Clean Scleral 300 ml<\/strong> es un sistema de limpieza con per\u00f3xido de hidr\u00f3geno al 3%, dise\u00f1ado espec\u00edficamente para lentes esclerales de gran di\u00e1metro y altura sagital. Este producto se presenta con 30 pastillas neutralizantes y un portalentes exclusivo para una colocaci\u00f3n f\u00e1cil y pr\u00e1ctica.<\/p>\n<p data-start=\"296\" data-end=\"323\"><strong data-start=\"296\" data-end=\"323\">Beneficios principales:<\/strong><\/p>\n<ul data-start=\"325\" data-end=\"1284\">\n<li data-start=\"325\" data-end=\"482\"><strong data-start=\"327\" data-end=\"353\">Desinfecci\u00f3n efectiva:<\/strong> Ofrece una alta eficacia contra hongos, bacterias y <em data-start=\"406\" data-end=\"420\">Acanthamoeba<\/em> (castellanii y polyphaga, en sus formas trofozoito y quiste).<\/li>\n<li data-start=\"483\" data-end=\"636\"><strong data-start=\"485\" data-end=\"510\">Lubricaci\u00f3n mejorada:<\/strong> Contiene povidona, un lubricante que optimiza el confort del usuario, proporcionando mayor suavidad y confort durante su uso.<\/li>\n<li data-start=\"637\" data-end=\"769\"><strong data-start=\"639\" data-end=\"661\">Limpieza profunda:<\/strong> Elimina eficazmente los dep\u00f3sitos en las lentes gracias a la enzima proteol\u00edtica presente en el comprimido.<\/li>\n<li data-start=\"770\" data-end=\"912\"><strong data-start=\"772\" data-end=\"798\">Neutralizaci\u00f3n r\u00e1pida:<\/strong> Su proceso de desinfecci\u00f3n, limpieza y neutralizaci\u00f3n se completa en 2 horas, sin necesidad de frotar ni aclarar.<\/li>\n<li data-start=\"913\" data-end=\"1028\"><strong data-start=\"915\" data-end=\"936\">Sin conservantes:<\/strong> Ideal para la salud ocular, ya que no contiene conservantes que puedan causar irritaciones.<\/li>\n<li data-start=\"1029\" data-end=\"1153\"><strong data-start=\"1031\" data-end=\"1058\">Practicidad y duraci\u00f3n:<\/strong> Disponible en formatos para 30 d\u00edas y kits de iniciaci\u00f3n para una experiencia de uso sencilla.<\/li>\n<li data-start=\"1154\" data-end=\"1284\"><strong data-start=\"1156\" data-end=\"1183\">Portalentes espec\u00edfico:<\/strong> Dise\u00f1ado especialmente para facilitar la colocaci\u00f3n del comprimido y garantizar una limpieza eficaz.<\/li>\n<\/ul>\n<p data-start=\"1286\" data-end=\"1438\" data-is-last-node=\"\">Este sistema es la opci\u00f3n perfecta para quienes buscan una limpieza completa, con m\u00e1xima seguridad y comodidad para el cuidado de sus lentes esclerales.<\/p>\n","protected":false},"featured_media":2311,"comment_status":"closed","ping_status":"closed","template":"","meta":{"_acf_changed":false},"product_brand":[],"product_cat":[69],"product_tag":[146],"class_list":{"0":"post-2310","1":"product","2":"type-product","3":"status-publish","4":"has-post-thumbnail","6":"product_cat-soluciones-de-mantenimiento","7":"product_tag-ever-clean-scleral","9":"first","10":"instock","11":"shipping-taxable","12":"product-type-external"},"acf":[],"_links":{"self":[{"href":"https:\/\/esproncedavision.es\/es\/wp-json\/wp\/v2\/product\/2310","targetHints":{"allow":["GET"]}}],"collection":[{"href":"https:\/\/esproncedavision.es\/es\/wp-json\/wp\/v2\/product"}],"about":[{"href":"https:\/\/esproncedavision.es\/es\/wp-json\/wp\/v2\/types\/product"}],"replies":[{"embeddable":true,"href":"https:\/\/esproncedavision.es\/es\/wp-json\/wp\/v2\/comments?post=2310"}],"wp:featuredmedia":[{"embeddable":true,"href":"https:\/\/esproncedavision.es\/es\/wp-json\/wp\/v2\/media\/2311"}],"wp:attachment":[{"href":"https:\/\/esproncedavision.es\/es\/wp-json\/wp\/v2\/media?parent=2310"}],"wp:term":[{"taxonomy":"product_brand","embeddable":true,"href":"https:\/\/esproncedavision.es\/es\/wp-json\/wp\/v2\/product_brand?post=2310"},{"taxonomy":"product_cat","embeddable":true,"href":"https:\/\/esproncedavision.es\/es\/wp-json\/wp\/v2\/product_cat?post=2310"},{"taxonomy":"product_tag","embeddable":true,"href":"https:\/\/esproncedavision.es\/es\/wp-json\/wp\/v2\/product_tag?post=2310"}],"curies":[{"name":"wp","href":"https:\/\/api.w.org\/{rel}","templated":true}]}}